{"id":1523,"date":"2025-06-20T15:01:44","date_gmt":"2025-06-20T13:01:44","guid":{"rendered":"https:\/\/shop.marres.org\/product\/vultures-fireflies\/"},"modified":"2025-07-03T16:44:00","modified_gmt":"2025-07-03T14:44:00","slug":"vultures-fireflies","status":"publish","type":"product","link":"https:\/\/shop.marres.org\/en\/product\/vultures-fireflies\/","title":{"rendered":"Vultures &#038; Fireflies"},"content":{"rendered":"<p>240 pages full color<br \/>\nSoft cover<br \/>\nSpanish &#8211; English<\/p>\n<p>Published by Marres \u00a9 2025 in 500 copies<br \/>\n<span style=\"font-size: inherit;\">ISBN 9789465260983<\/span><\/p>\n<p>Curated by: Tonatiuh L\u00f3pez and Laura Mart\u00ednez<br \/>\nTranslation: Laura Jones, Victoria Porter-Burns, Lidia Alvarez Rubio<br \/>\n<span style=\"font-size: inherit;\">Spanish edit: Miguel <\/span>Covarrubias<br \/>\nDesign: The Rodina<br \/>\nPrinter: <span style=\"font-size: inherit;\">NPN Drukkers, Breda<br \/>\n<\/span>Paper: Invercote, Munken Polar<br \/>\nTypefaces: A Gothic, Sagerange, Android Nation<\/p>\n<p>Contributors: Guadalupe Reyes a.k.a. Benzoato de Sodio, Mitzi Cuevas, Tonatiuh L\u00f3pez, Razzia Santill\u00e1n ,Lydiette Carri\u00f3n, <span style=\"font-size: inherit;\">Adri\u00e1n Rom\u00e1n, <\/span>Juan Pablo Ramos, Samuel Segura, Laura Mart\u00ednez<br \/>\n<span style=\"font-size: inherit;\">Preface: <\/span><span style=\"font-size: inherit;\">Valentijn Byvanck<\/span><\/p>\n","protected":false},"excerpt":{"rendered":"<p>On the occasion of Alejandro Galv\u00e1n\u2019s\u00a0<em>Vultures &amp; Fireflies<\/em>\u00a0at Marres, a book is being released, curated by Tonatiuh L\u00f3pez and Laura Martinez. This publication features stunning visuals, essays, and poetry by Guadalupe Reyes, Mitzi Cuevas, Razzia Santill\u00e1n, Lydiette Carri\u00f3n, Adri\u00e1n Rom\u00e1n,\u00a0Juan Pablo Ramos, Samuel Segura,\u00a0Laura Mart\u00ednez, and Tonatiuh L\u00f3pez, designed by The Rodina.<\/p>\n","protected":false},"featured_media":1535,"template":"","meta":[],"product_brand":[],"product_cat":[54,59],"product_tag":[],"class_list":{"0":"post-1523","1":"product","2":"type-product","3":"status-publish","4":"has-post-thumbnail","6":"product_cat-book","7":"product_cat-publications","8":"product_shipping_class-standard-package","9":"sales-flash-overlay","10":"woocommerce-text-align-left","11":"woocommerce-image-align-center","12":"do-quantity-buttons","13":"wc-has-gallery","15":"first","16":"instock","17":"taxable","18":"shipping-taxable","19":"purchasable","20":"product-type-simple"},"_links":{"self":[{"href":"https:\/\/shop.marres.org\/en\/wp-json\/wp\/v2\/product\/1523","targetHints":{"allow":["GET"]}}],"collection":[{"href":"https:\/\/shop.marres.org\/en\/wp-json\/wp\/v2\/product"}],"about":[{"href":"https:\/\/shop.marres.org\/en\/wp-json\/wp\/v2\/types\/product"}],"wp:featuredmedia":[{"embeddable":true,"href":"https:\/\/shop.marres.org\/en\/wp-json\/wp\/v2\/media\/1535"}],"wp:attachment":[{"href":"https:\/\/shop.marres.org\/en\/wp-json\/wp\/v2\/media?parent=1523"}],"wp:term":[{"taxonomy":"product_brand","embeddable":true,"href":"https:\/\/shop.marres.org\/en\/wp-json\/wp\/v2\/product_brand?post=1523"},{"taxonomy":"product_cat","embeddable":true,"href":"https:\/\/shop.marres.org\/en\/wp-json\/wp\/v2\/product_cat?post=1523"},{"taxonomy":"product_tag","embeddable":true,"href":"https:\/\/shop.marres.org\/en\/wp-json\/wp\/v2\/product_tag?post=1523"}],"curies":[{"name":"wp","href":"https:\/\/api.w.org\/{rel}","templated":true}]}}