{"id":1501,"date":"2025-05-25T10:12:26","date_gmt":"2025-05-25T08:12:26","guid":{"rendered":"https:\/\/shop.marres.org\/product\/goudgeel-oud-bruin\/"},"modified":"2025-07-03T16:39:53","modified_gmt":"2025-07-03T14:39:53","slug":"goudgeel-oud-bruin","status":"publish","type":"product","link":"https:\/\/shop.marres.org\/en\/product\/goudgeel-oud-bruin\/","title":{"rendered":"Goudgeel, Oud Bruin"},"content":{"rendered":"<p>72 pages, full color, including route map and Marres family tree<\/p>\n<p><span style=\"font-size: inherit;\">Written in Dutch<\/span><\/p>\n<p><span style=\"font-size: inherit;\">concept, compilation and texts: Ren\u00e9e Schmeetz<br \/>\n<\/span><span style=\"font-size: inherit; font-family: -apple-system, system-ui, BlinkMacSystemFont, 'Segoe UI', Helvetica, Arial, sans-serif, 'Apple Color Emoji', 'Segoe UI Emoji', 'Segoe UI Symbol';\">graphic design: <\/span><span style=\"font-size: inherit; font-family: -apple-system, system-ui, BlinkMacSystemFont, 'Segoe UI', Helvetica, Arial, sans-serif, 'Apple Color Emoji', 'Segoe UI Emoji', 'Segoe UI Symbol';\">Karoline \u015awie\u017cy\u0144ski<br \/>\n<\/span><span style=\"font-size: inherit;\">published by: Marres, House for Contemporary Culture<\/span><\/p>\n","protected":false},"excerpt":{"rendered":"<p style=\"font-weight: 400;\"><em>Goudgeel, Oud Bruin<\/em>\u00a0(<em>Golden, Amber Brown<\/em>), written by Ren\u00e9 Schmeetz, takes you on a journey through the past of the family, the city, and its beer culture. From gravestones and fa\u00e7ades to caf\u00e9s and churches, the walking route includes about fifteen locations throughout the city center where this history still lives on. Each stop tells a unique story\u2014starting in 1641 when the first female family member became a brewer, and ending in 1959 when the last Marres brewery closed its doors. <span style=\"font-size: inherit;\">The walk leads you to Marres at Capucijnenstraat 98, where Pierre and Corrie Marres lived with their family until 1964. For more than three centuries, Pierre\u2019s ancestors passed down the craft from generation to generation. Since 1999, this is the home of Marres, House for Contemporary Culture.<\/span><\/p>\n<p><em>Goudgeel, Oud Bruin<\/em> is on the longlist for the <em>Treckpoel Prize<\/em>, which is awarded to the best public history book about the history of Limburg.<\/p>\n","protected":false},"featured_media":1527,"template":"","meta":[],"product_brand":[],"product_cat":[54,60],"product_tag":[67,81,82,83,84,68,85],"class_list":{"0":"post-1501","1":"product","2":"type-product","3":"status-publish","4":"has-post-thumbnail","6":"product_cat-book","7":"product_cat-walks","8":"product_tag-bier-en","9":"product_tag-brouwer-en","10":"product_tag-brouwersfamilie-en","11":"product_tag-geschiedenis-en","12":"product_tag-maastricht-en","13":"product_tag-marres-en","14":"product_tag-wandeling-en","15":"product_shipping_class-mailbox-package","16":"sales-flash-overlay","17":"woocommerce-text-align-left","18":"woocommerce-image-align-center","19":"do-quantity-buttons","20":"wc-has-gallery","22":"first","23":"instock","24":"taxable","25":"shipping-taxable","26":"purchasable","27":"product-type-simple"},"_links":{"self":[{"href":"https:\/\/shop.marres.org\/en\/wp-json\/wp\/v2\/product\/1501","targetHints":{"allow":["GET"]}}],"collection":[{"href":"https:\/\/shop.marres.org\/en\/wp-json\/wp\/v2\/product"}],"about":[{"href":"https:\/\/shop.marres.org\/en\/wp-json\/wp\/v2\/types\/product"}],"wp:featuredmedia":[{"embeddable":true,"href":"https:\/\/shop.marres.org\/en\/wp-json\/wp\/v2\/media\/1527"}],"wp:attachment":[{"href":"https:\/\/shop.marres.org\/en\/wp-json\/wp\/v2\/media?parent=1501"}],"wp:term":[{"taxonomy":"product_brand","embeddable":true,"href":"https:\/\/shop.marres.org\/en\/wp-json\/wp\/v2\/product_brand?post=1501"},{"taxonomy":"product_cat","embeddable":true,"href":"https:\/\/shop.marres.org\/en\/wp-json\/wp\/v2\/product_cat?post=1501"},{"taxonomy":"product_tag","embeddable":true,"href":"https:\/\/shop.marres.org\/en\/wp-json\/wp\/v2\/product_tag?post=1501"}],"curies":[{"name":"wp","href":"https:\/\/api.w.org\/{rel}","templated":true}]}}